{"id":21397,"date":"2016-06-13T08:25:02","date_gmt":"2016-06-13T08:25:02","guid":{"rendered":"https:\/\/www.gg-estate-mallorca.com\/inmobiliaria-mallorca\/"},"modified":"2025-01-10T13:47:39","modified_gmt":"2025-01-10T13:47:39","slug":"ueber-uns","status":"publish","type":"page","link":"https:\/\/www.gg-estate-mallorca.com\/de\/ueber-uns\/","title":{"rendered":"\u00dcBER UNS"},"content":{"rendered":"<p>[vc_row][vc_column][vc_empty_space][\/vc_column][\/vc_row][vc_row content_placement=&#8220;middle&#8220;][vc_column width=&#8220;1\/2&#8243;][vc_single_image image=&#8220;32212&#8243; img_size=&#8220;800&#215;600&#8243;][\/vc_column][vc_column width=&#8220;1\/2&#8243;][vc_column_text]Wir sind ein junges und dynamisches Team und stehen f\u00fcr eine Kombination aus jahrelangen Marktkenntnissen, Engagement und Leidenschaft hier auf der sch\u00f6nen Insel Mallorca.<\/p>\n<p>Wir beraten und begleiten Sie w\u00e4hrend des gesamten Kaufs- oder Verkaufsprozesses.<\/p>\n<p><em>Wir laden Sie herzlich ein, ein St\u00fcck Ihrers Weges, gemeinsam mit uns zu gehen, um Ihren Traum wahr werden zu lassen.<\/em><\/p>\n<p>Unser Portfolio:<\/p>\n<p>Umfasst mehr als 280 Objekte. Wir bieten Ihnen verschiedenste Apartments, einzigartige Villen mit sch\u00f6nem Meerblick und traumhafte Fincas auf dem Land, Inselweit, zum Kauf an. \u00a0Auch k\u00f6nnen Sie bei uns Immobilien finden, die nicht im Internet vermarktet werden.<\/p>\n<p>Schauen Sie gern bei uns im B\u00fcro vorbei. Wir finden f\u00fcr Sie Ihre Traumimmobilie!<\/p>\n<p>Unser B\u00fcro befindet sich zwischen des Strandes von Cala Major und dem Yacht-Hafen von Cala Nova in Sant Agusti, im s\u00fcd-westen von Mallorca<\/p>\n<p>Die Adresse lautet:<\/p>\n<p>Av. Joan Miro 326 Local H in 07015 Palma[\/vc_column_text][\/vc_column][\/vc_row]<\/p>\n","protected":false},"excerpt":{"rendered":"<p>[vc_row][vc_column][vc_empty_space][\/vc_column][\/vc_row][vc_row content_placement=&#8220;middle&#8220;][vc_column width=&#8220;1\/2&#8243;][vc_single_image image=&#8220;32212&#8243; img_size=&#8220;800&#215;600&#8243;][\/vc_column][vc_column width=&#8220;1\/2&#8243;][vc_column_text]Wir sind ein junges und dynamisches Team und stehen f\u00fcr eine Kombination aus jahrelangen Marktkenntnissen, Engagement und Leidenschaft hier auf der sch\u00f6nen Insel Mallorca. Wir beraten und begleiten Sie w\u00e4hrend des gesamten Kaufs- oder Verkaufsprozesses. Wir laden Sie herzlich ein, ein St\u00fcck Ihrers Weges, gemeinsam mit uns zu gehen, um Ihren Traum wahr werden zu lassen. Unser Portfolio: Umfasst &#8230;<\/p>\n","protected":false},"author":7,"featured_media":0,"parent":0,"menu_order":0,"comment_status":"closed","ping_status":"closed","template":"","meta":{"_joinchat":[]},"_links":{"self":[{"href":"https:\/\/www.gg-estate-mallorca.com\/de\/wp-json\/wp\/v2\/pages\/21397"}],"collection":[{"href":"https:\/\/www.gg-estate-mallorca.com\/de\/wp-json\/wp\/v2\/pages"}],"about":[{"href":"https:\/\/www.gg-estate-mallorca.com\/de\/wp-json\/wp\/v2\/types\/page"}],"author":[{"embeddable":true,"href":"https:\/\/www.gg-estate-mallorca.com\/de\/wp-json\/wp\/v2\/users\/7"}],"replies":[{"embeddable":true,"href":"https:\/\/www.gg-estate-mallorca.com\/de\/wp-json\/wp\/v2\/comments?post=21397"}],"version-history":[{"count":17,"href":"https:\/\/www.gg-estate-mallorca.com\/de\/wp-json\/wp\/v2\/pages\/21397\/revisions"}],"predecessor-version":[{"id":36269,"href":"https:\/\/www.gg-estate-mallorca.com\/de\/wp-json\/wp\/v2\/pages\/21397\/revisions\/36269"}],"wp:attachment":[{"href":"https:\/\/www.gg-estate-mallorca.com\/de\/wp-json\/wp\/v2\/media?parent=21397"}],"curies":[{"name":"wp","href":"https:\/\/api.w.org\/{rel}","templated":true}]}}